{"id":190,"date":"2018-09-11T21:04:41","date_gmt":"2018-09-11T21:04:41","guid":{"rendered":"http:\/\/empresaysociedad.cetiparaguay.com\/?page_id=190"},"modified":"2023-07-12T19:03:55","modified_gmt":"2023-07-12T19:03:55","slug":"publicar","status":"publish","type":"page","link":"https:\/\/empresaysociedad.cetisa.com.py\/index.php\/publicar\/","title":{"rendered":"Publicar"},"content":{"rendered":"\n<p>A nivel regional, y fundamentalmente desde la posici\u00f3n de frontera trinacional, la discusi\u00f3n sobre la calidad de la investigaci\u00f3n y los avances en las disciplinas relacionadas con las Ciencias Contablles y Administrativas es un tema que incide significativamente en la orientaci\u00f3n de los trabajos que la Revista Empresa &amp; Sociedad pretende poner a disposici\u00f3n de la comunidad acad\u00e9mica. <br> Se ha considerado prudente definir l\u00edneas de investigaci\u00f3n que incorporen intereses derivados de las diversas disciplinas que componen la oferta acad\u00e9mica de la facultad. De esta manera se pretende potenciar la elaboraci\u00f3n de proyectos en los que alumnos de varias carreras colaboren en investigaciones de mayor alcance.<br> A partir de la reflexi\u00f3n presentada por los estudiantes, en la que manifiestan percibir un desfase entre teor\u00eda y pr\u00e1ctica, la coordinaci\u00f3n de investigaci\u00f3n de la FACCYA verific\u00f3 la necesidad de una mayor colaboraci\u00f3n entre academia y empresa lo que deriv\u00f3 en el desarrollo de trabajos conjuntos con la consultora local CETISA.  Esta vinculaci\u00f3n permite a los estudiantes y profesores de la FACCYA acceder a capacitaci\u00f3n en investigaci\u00f3n aplicada, participaci\u00f3n en proyectos de investigaci\u00f3n desarrollados por la consultora, as\u00ed como tambi\u00e9n la posibilidad de conocer el uso de tecnolog\u00eda vinculada al quehacer investigativo, actualmente no disponible en el ambiente acad\u00e9mico.<\/p>\n\n\n\n<p><strong><strong>Las l\u00edneas de investigaci\u00f3n de la FACCYA<\/strong><\/strong>                 <\/p>\n\n\n\n<figure class=\"wp-block-table\"><table><tbody><tr><td><strong>L\u00edneas de investigaci\u00f3n de la carrera de Administraci\u00f3n<\/strong><\/td><td><strong>Sub l\u00ednea de investigaci\u00f3n de la carrera de Administraci\u00f3n<\/strong><\/td><\/tr><tr><td>&nbsp; Gesti\u00f3n estrat\u00e9gica:<\/td><td>Desarrollo regional.Competitividad e innovaci\u00f3n.Integraci\u00f3n regional de las tres fronteras.PYMES Y PYMES familiares.<\/td><\/tr><tr><td>&nbsp; Gesti\u00f3n de Recursos Humanos: &nbsp;<\/td><td>An\u00e1lisis de las pr\u00e1cticas de reclutamiento y selecci\u00f3n de personal.Evaluaci\u00f3n de los sistemas de gesti\u00f3n del desempe\u00f1o y desarrollo de talento.Estudio de la motivaci\u00f3n y el compromiso de los empleados en el entorno laboral.An\u00e1lisis de la gesti\u00f3n del cambio y la resoluci\u00f3n de conflictos en el \u00e1mbito laboral.<\/td><\/tr><tr><td>&nbsp; Educaci\u00f3n y gesti\u00f3n Financiera:<\/td><td>Evaluaci\u00f3n de las estrategias de financiamiento y estructura de capital en organizaciones.Reducci\u00f3n de la pobreza y desarrollo social.Estudio de la gesti\u00f3n de costos y presupuestos en organizaciones.An\u00e1lisis de la rentabilidad y el rendimiento financiero de empresas.<\/td><\/tr><tr><td>&nbsp; Gesti\u00f3n de Operaciones y Log\u00edstica: &nbsp;<\/td><td>An\u00e1lisis de la gesti\u00f3n de la cadena de suministro y log\u00edstica en organizaciones.Estudio de la planificaci\u00f3n y control de la producci\u00f3n y la distribuci\u00f3n.Evaluaci\u00f3n de la gesti\u00f3n de la calidad y mejora cont\u00ednua en procesos operativos.An\u00e1lisis de la gesti\u00f3n de la innovaci\u00f3n y la tecnolog\u00eda en las operaciones.<\/td><\/tr><tr><td>&nbsp; Gesti\u00f3n de Marketing y Ventas: &nbsp;<\/td><td>Evaluaci\u00f3n de las estrategias de marketing y publicidad en organizaciones.An\u00e1lisis de la segmentaci\u00f3n de mercado y desarrollo de estrategias de posicionamiento.Estudio de las pr\u00e1cticas de gesti\u00f3n de relaciones con clientes y fidelizaci\u00f3n.An\u00e1lisis del impacto del entorno digital en las estrategias de marketing y ventas.<\/td><\/tr><\/tbody><\/table><\/figure>\n\n\n\n<figure class=\"wp-block-table\"><table><tbody><tr><td><strong>L\u00edneas de investigaci\u00f3n de la carrera de Contador Publico<\/strong><\/td><td><strong>Sub l\u00ednea de investigaci\u00f3n de la carrera de Contador Publico<\/strong><\/td><\/tr><tr><td>&nbsp; Contabilidad Financiera:<\/td><td>An\u00e1lisis de las normas internacionales de informaci\u00f3n financiera (NIIF\/IFRS).Evaluaci\u00f3n de la calidad de la informaci\u00f3n financiera y los informes contables.Estudio de la contabilidad de instrumentos financieros y su impacto en los estados financieros.An\u00e1lisis de la gesti\u00f3n de riesgos financieros y su reflejo en los estados financieros.<\/td><\/tr><tr><td>Contabilidad de Gesti\u00f3n:<\/td><td>Estudio de los sistemas de costos y su aplicaci\u00f3n en la toma de decisiones.Evaluaci\u00f3n de las t\u00e9cnicas de presupuesto y planificaci\u00f3n financiera.An\u00e1lisis de la medici\u00f3n del desempe\u00f1o y la evaluaci\u00f3n de resultados.Estudio de la contabilidad de responsabilidad y la gesti\u00f3n del rendimiento.<\/td><\/tr><tr><td>&nbsp; Auditor\u00eda y Control Interno:<\/td><td>An\u00e1lisis de los est\u00e1ndares y procedimientos de auditor\u00eda.Evaluaci\u00f3n de la efectividad del control interno en organizaciones.Estudio de la auditor\u00eda forense y la detecci\u00f3n de fraudes.An\u00e1lisis de la \u00e9tica profesional y la responsabilidad del auditor.<\/td><\/tr><tr><td>&nbsp; Contabilidad Tributaria:<\/td><td>Estudio de las leyes y regulaciones fiscales nacionales e internacionales.An\u00e1lisis de las estrategias de planificaci\u00f3n fiscal y la optimizaci\u00f3n de impuestos.Evaluaci\u00f3n de los sistemas de informaci\u00f3n contable y la gesti\u00f3n de la informaci\u00f3n fiscal.Estudio de la contabilidad de impuestos diferidos y su impacto en los estados financieros.<\/td><\/tr><tr><td>&nbsp; Contabilidad gubernamental y desarrollo socioecon\u00f3mico:<\/td><td>An\u00e1lisis de los principios y pr\u00e1cticas contables aplicados al sector p\u00fablico.Crecimiento econ\u00f3mico inclusivo.Fortalecimiento de la integraci\u00f3n econ\u00f3mica regional.Fortalecimiento pol\u00edtico institucional.An\u00e1lisis de los aspectos financieros y contables en la gesti\u00f3n de entidades gubernamentales.<\/td><\/tr><\/tbody><\/table><\/figure>\n\n\n\n<figure class=\"wp-block-table\"><table><tbody><tr><td><strong>L\u00edneas de investigaci\u00f3n de la carrera de Marketing<\/strong><\/td><td><strong>&nbsp;<\/strong> <strong>Sub l\u00ednea de investigaci\u00f3n de la carrera de Marketing<\/strong><\/td><\/tr><tr><td><strong>&nbsp;<\/strong> Comportamiento del Consumidor:<strong><\/strong><\/td><td>Influencia de las redes sociales en las decisiones de compra.Factores psicol\u00f3gicos que afectan la toma de decisiones del consumidor.Efectividad de estrategias de marketing basadas en la personalidad del consumidor.Impacto de la lealtad del consumidor en las decisiones de compra.<\/td><\/tr><tr><td>&nbsp; Estrategias de Branding: &nbsp;<\/td><td>Efectividad de diferentes estrategias de posicionamiento de marca.Influencia del dise\u00f1o del logotipo y la identidad visual en la percepci\u00f3n de la marca.Construcci\u00f3n y gesti\u00f3n de la reputaci\u00f3n de marca en entornos digitales.Branding emocional: c\u00f3mo las emociones influyen en la conexi\u00f3n con el consumidor.<\/td><\/tr><tr><td>&nbsp; Marketing Digital:<\/td><td>An\u00e1lisis de la efectividad de diferentes canales de marketing en l\u00ednea (redes sociales, correo electr\u00f3nico, SEO, PPC, etc.).Evaluaci\u00f3n del impacto de las estrategias de contenido en el compromiso del cliente.Uso de inteligencia artificial y aprendizaje autom\u00e1tico en la personalizaci\u00f3n de la experiencia del cliente.Medici\u00f3n del retorno de la inversi\u00f3n en campa\u00f1as de marketing digital.<\/td><\/tr><tr><td>&nbsp; Investigaci\u00f3n de mercado:<\/td><td>M\u00e9todos innovadores para recopilar y analizar datos de investigaci\u00f3n de mercado.Uso de datos demogr\u00e1ficos y segmentaci\u00f3n para la creaci\u00f3n de perfiles de clientes.Evaluaci\u00f3n de la viabilidad de nuevos productos o servicios en el mercado.Regionalizaci\u00f3n y diversificaci\u00f3n productivaAn\u00e1lisis de tendencias y pron\u00f3sticos de mercado para la toma de decisiones estrat\u00e9gicas.<\/td><\/tr><tr><td>&nbsp; Marketing en la era global:<\/td><td>Adaptaci\u00f3n de estrategias de marketing a diferentes culturas y mercados internacionales.Integraci\u00f3n regional de las tres fronteras.Marketing y promoci\u00f3n de derechos humanos, justicia y seguridad.An\u00e1lisis de la influencia de factores econ\u00f3micos, pol\u00edticos y culturales en el marketing internacional.Evaluaci\u00f3n del impacto de las alianzas estrat\u00e9gicas y las asociaciones globales en el marketing internacional.<\/td><\/tr><\/tbody><\/table><\/figure>\n\n\n\n<figure class=\"wp-block-table\"><table><tbody><tr><td><strong>L\u00edneas de investigaci\u00f3n de la carrera de Comercio Exterior<\/strong><\/td><td><strong>&nbsp;<\/strong> <strong>Sub l\u00ednea de investigaci\u00f3n de la carrera de Comercio Exterior<\/strong><\/td><\/tr><tr><td><strong>&nbsp;<\/strong> Pol\u00edticas y regulaciones comerciales:<strong><\/strong><\/td><td>An\u00e1lisis de los acuerdos comerciales y tratados entre los pa\u00edses de la regi\u00f3n.Evaluaci\u00f3n de las barreras comerciales y aduaneras en la zona de las tres fronteras.Estudio de los reg\u00edmenes aduaneros y procedimientos de importaci\u00f3n y exportaci\u00f3n en cada pa\u00eds.An\u00e1lisis de las pol\u00edticas de promoci\u00f3n y facilitaci\u00f3n del comercio en la regi\u00f3n<\/td><\/tr><tr><td>&nbsp; Log\u00edstica y transporte: &nbsp;<\/td><td>Evaluaci\u00f3n de los sistemas de transporte y log\u00edstica en la zona de las tres fronteras.An\u00e1lisis de los costos y eficiencia de los diferentes modos de transporte en la regi\u00f3n.Estudio de las infraestructuras de transporte y su impacto en el comercio exterior.Evaluaci\u00f3n de las estrategias de gesti\u00f3n de la cadena de suministro en la regi\u00f3n.<\/td><\/tr><tr><td>&nbsp; Comportamiento del consumidor y tendencia del mercado:<\/td><td>An\u00e1lisis de las preferencias y comportamiento de los consumidores en la zona de las tres fronteras.Estudio de las tendencias de consumo y demanda en los diferentes sectores econ\u00f3micos.Evaluaci\u00f3n de las oportunidades de mercado y la penetraci\u00f3n de productos en la regi\u00f3n.An\u00e1lisis de la adaptaci\u00f3n de estrategias de marketing a las particularidades de cada pa\u00eds.<\/td><\/tr><tr><td>&nbsp; Econom\u00eda y desarrollo regional:<\/td><td>Estudio del impacto econ\u00f3mico del comercio exterior en la regi\u00f3n de las tres fronteras.An\u00e1lisis de los sectores econ\u00f3micos m\u00e1s relevantes y su contribuci\u00f3n al comercio regional.Evaluaci\u00f3n de las pol\u00edticas de desarrollo regional y su influencia en el comercio exterior.Estudio de los indicadores econ\u00f3micos y tendencias macroecon\u00f3micas en cada pa\u00eds.<\/td><\/tr><tr><td>&nbsp; Negociaciones internacionales y acuerdos bilaterales:<\/td><td>An\u00e1lisis de las negociaciones y acuerdos comerciales entre los pa\u00edses de la regi\u00f3n.Evaluaci\u00f3n del impacto de los acuerdos en el comercio exterior y las oportunidades de negocio.Estudio de las estrategias de negociaci\u00f3n y la resoluci\u00f3n de conflictos comerciales.An\u00e1lisis de los beneficios y desaf\u00edos de la integraci\u00f3n econ\u00f3mica en la regi\u00f3n.<\/td><\/tr><\/tbody><\/table><\/figure>\n\n\n\n<p><strong>Estructura de los art\u00edculos<\/strong><br>1- Titulo.<br>2- Subtitulo.<br>3- Autor\/es: Nombre y Apellidos completo de cada autor, con el grado acad\u00e9mico mas alto, y correo electr\u00f3nico.<br>4- Filiaci\u00f3n institucional: (si corresponde).<br>5- Resumen: con un m\u00e1ximo de 250 palabras, y debe evidenciar los objetivos, metodolog\u00eda, resultados relevantes y conclusiones principales.<br>6- Palabras claves: 3 a 5 palabras claves.<br>7- <em>Abstract<\/em>: traducci\u00f3n al ingl\u00e9s del resumen.<br>8- <em>Key words<\/em>: traducci\u00f3n al ingl\u00e9s de las palabras claves.<br>9- Introducci\u00f3n.<br>10- Materiales y m\u00e9todos.<br>11- Resultados.<br>12- Discusi\u00f3n.<br>13- Conclusiones.<\/p>\n\n\n<p><\/p>\n<p><!--StartFragment--><\/p>\n\n\n<p><strong>GENERALIDADES SOBRE CRITERIOS DE PUBLICACI\u00d3N<\/strong><\/p>\n\n\n\n<p><strong>Se difundir\u00e1n las aperturas de convocatorias para enviar escritos en la secci\u00f3n de noticias de la revista. <\/strong><\/p>\n\n\n\n<p><strong>Se publicar\u00e1n trabajos in\u00e9ditos y estos no podr\u00e1n modificarse ni ampliarse una vez que hayan sido aceptados. Los autores se comprometen a no enviar el mismo a otra publicaci\u00f3n. <\/strong><\/p>\n\n\n\n<p>Los trabajos ser\u00e1n enviados en versi\u00f3n digital (formato .doc) por correo electr\u00f3nico a: karina.zeballo@cetiparaguay.org<\/p>\n\n\n\n<p>&nbsp;En un lapso m\u00e1ximo de\nveinte d\u00edas desde la recepci\u00f3n del material, los autores recibir\u00e1n un correo\nelectr\u00f3nico de confirmaci\u00f3n de recepci\u00f3n. <\/p>\n\n\n\n<p>La revista se presenta en dos formatos: 1) El formato electr\u00f3nico:\nen el que se incluir\u00e1n informes de avance y resultados de tesis vinculadas a\ndocencia y art\u00edculos referidos a proyectos de extensi\u00f3n. En su versi\u00f3n\nelectr\u00f3nica la revista tambi\u00e9n incluir\u00e1 los art\u00edculos publicados en el formato\nimpreso. <\/p>\n\n\n\n<p>2) El formato impreso: incluir\u00e1 ensayos, art\u00edculos e investigaciones\noriginales seleccionadas para su publicaci\u00f3n por el equipo editorial.<\/p>\n\n\n\n<p>La revista no se responsabiliza por los trabajos no\npublicados ni asume necesariamente las opiniones y criterios expuestos en la\nmisma.<\/p>\n\n\n\n<p>Esta publicaci\u00f3n se atiene a un \u201cC\u00f3digo de \u00e9tica y buenas\npr\u00e1cticas editoriales cient\u00edficas\u201d, mediante el cual se busca a garantizar el\nrespeto e integridad de los trabajos ya publicados.<\/p>\n\n\n\n<p>El plagio est\u00e1 estrictamente prohibido y los textos que se\nidentifiquen como plagio o su contenido sea fraudulento, no ser\u00e1n admitidos por\nla revista. Queda a discreci\u00f3n del Consejo de Revista Empresa y Sociedad la prohibici\u00f3n\nde cualquier texto que falte a estos lineamientos. Fuera de esto, no existe\nninguna exigencia o limitante para la publicaci\u00f3n de textos.<\/p>\n\n\n<p><!--EndFragment--><\/p>\n<p><\/p>\n\n\n<p><strong>Referencias conforme al formato APA<\/strong><br><strong>Criterios de revisi\u00f3n:<\/strong><br>1- Pertenencia a alguna de las l\u00edneas de investigaci\u00f3n.<br>2- Ser un estudio in\u00e9dito.<br>3- No incurrir en plagio.<br>4- Referencia correcta seg\u00fan el formato APA.<\/p>\n\n\n\n<h2 class=\"wp-block-heading\">Herramientas para investigadores<\/h2>\n\n\n\n<p><a href=\"https:\/\/empresaysociedad.cetisa.com.py\/wp-content\/uploads\/2018\/10\/como_citar_normas_apa.pdf\" target=\"_blank\" rel=\"noopener\">Citar con estilo APA<\/a><\/p>\n\n\n\n<p><a href=\"http:\/\/empresaysociedad.cetiparaguay.com\/?attachment_id=313\">Descargar la plantilla de formato<\/a><\/p>\n\n\n\n<div class=\"wp-block-file\"><a id=\"wp-block-file--media-6d8a7c58-1eb4-451c-a56b-6ca98e4ed634\" href=\"https:\/\/empresaysociedad.cetisa.com.py\/wp-content\/uploads\/2023\/02\/Guia-De-Trabajos-Practicos.pdf\">Guia De Trabajos Pr\u00e1cticos<\/a><a href=\"https:\/\/empresaysociedad.cetisa.com.py\/wp-content\/uploads\/2023\/02\/Guia-De-Trabajos-Practicos.pdf\" class=\"wp-block-file__button wp-element-button\" download aria-describedby=\"wp-block-file--media-6d8a7c58-1eb4-451c-a56b-6ca98e4ed634\">Descarga<\/a><\/div>\n\n\n\n<p><\/p>\n","protected":false},"excerpt":{"rendered":"<p>A nivel regional, y fundamentalmente desde la posici\u00f3n de frontera trinacional, la discusi\u00f3n sobre la calidad de la investigaci\u00f3n y los avances en las disciplinas relacionadas con las Ciencias Contablles y Administrativas es un tema que incide significativamente en la orientaci\u00f3n de los trabajos que la Revista Empresa &amp; Sociedad pretende poner a disposici\u00f3n de &hellip; <\/p>\n<p class=\"link-more\"><a href=\"https:\/\/empresaysociedad.cetisa.com.py\/index.php\/publicar\/\" class=\"more-link\">Continuar leyendo<span class=\"screen-reader-text\"> \u00abPublicar\u00bb<\/span><\/a><\/p>\n","protected":false},"author":3,"featured_media":0,"parent":0,"menu_order":0,"comment_status":"closed","ping_status":"closed","template":"","meta":{"footnotes":""},"class_list":["post-190","page","type-page","status-publish","hentry"],"yoast_head":"<!-- This site is optimized with the Yoast SEO plugin v27.4 - https:\/\/yoast.com\/product\/yoast-seo-wordpress\/ -->\n<title>Publicar - Empresa &amp; Sociedad<\/title>\n<meta name=\"robots\" content=\"index, follow, max-snippet:-1, max-image-preview:large, max-video-preview:-1\" \/>\n<link rel=\"canonical\" href=\"https:\/\/empresaysociedad.cetisa.com.py\/index.php\/publicar\/\" \/>\n<meta property=\"og:locale\" content=\"es_ES\" \/>\n<meta property=\"og:type\" content=\"article\" \/>\n<meta property=\"og:title\" content=\"Publicar - Empresa &amp; Sociedad\" \/>\n<meta property=\"og:description\" content=\"A nivel regional, y fundamentalmente desde la posici\u00f3n de frontera trinacional, la discusi\u00f3n sobre la calidad de la investigaci\u00f3n y los avances en las disciplinas relacionadas con las Ciencias Contablles y Administrativas es un tema que incide significativamente en la orientaci\u00f3n de los trabajos que la Revista Empresa &amp; Sociedad pretende poner a disposici\u00f3n de &hellip; Continuar leyendo &quot;Publicar&quot;\" \/>\n<meta property=\"og:url\" content=\"https:\/\/empresaysociedad.cetisa.com.py\/index.php\/publicar\/\" \/>\n<meta property=\"og:site_name\" content=\"Empresa &amp; Sociedad\" \/>\n<meta property=\"article:modified_time\" content=\"2023-07-12T19:03:55+00:00\" \/>\n<meta name=\"twitter:card\" content=\"summary_large_image\" \/>\n<meta name=\"twitter:label1\" content=\"Tiempo de lectura\" \/>\n\t<meta name=\"twitter:data1\" content=\"8 minutos\" \/>\n<script type=\"application\/ld+json\" class=\"yoast-schema-graph\">{\"@context\":\"https:\\\/\\\/schema.org\",\"@graph\":[{\"@type\":\"WebPage\",\"@id\":\"https:\\\/\\\/empresaysociedad.cetisa.com.py\\\/index.php\\\/publicar\\\/\",\"url\":\"https:\\\/\\\/empresaysociedad.cetisa.com.py\\\/index.php\\\/publicar\\\/\",\"name\":\"Publicar - Empresa &amp; Sociedad\",\"isPartOf\":{\"@id\":\"https:\\\/\\\/empresaysociedad.cetisa.com.py\\\/#website\"},\"datePublished\":\"2018-09-11T21:04:41+00:00\",\"dateModified\":\"2023-07-12T19:03:55+00:00\",\"breadcrumb\":{\"@id\":\"https:\\\/\\\/empresaysociedad.cetisa.com.py\\\/index.php\\\/publicar\\\/#breadcrumb\"},\"inLanguage\":\"es\",\"potentialAction\":[{\"@type\":\"ReadAction\",\"target\":[\"https:\\\/\\\/empresaysociedad.cetisa.com.py\\\/index.php\\\/publicar\\\/\"]}]},{\"@type\":\"BreadcrumbList\",\"@id\":\"https:\\\/\\\/empresaysociedad.cetisa.com.py\\\/index.php\\\/publicar\\\/#breadcrumb\",\"itemListElement\":[{\"@type\":\"ListItem\",\"position\":1,\"name\":\"Portada\",\"item\":\"https:\\\/\\\/empresaysociedad.cetisa.com.py\\\/\"},{\"@type\":\"ListItem\",\"position\":2,\"name\":\"Publicar\"}]},{\"@type\":\"WebSite\",\"@id\":\"https:\\\/\\\/empresaysociedad.cetisa.com.py\\\/#website\",\"url\":\"https:\\\/\\\/empresaysociedad.cetisa.com.py\\\/\",\"name\":\"Empresa &amp; Sociedad\",\"description\":\"\",\"publisher\":{\"@id\":\"https:\\\/\\\/empresaysociedad.cetisa.com.py\\\/#organization\"},\"potentialAction\":[{\"@type\":\"SearchAction\",\"target\":{\"@type\":\"EntryPoint\",\"urlTemplate\":\"https:\\\/\\\/empresaysociedad.cetisa.com.py\\\/?s={search_term_string}\"},\"query-input\":{\"@type\":\"PropertyValueSpecification\",\"valueRequired\":true,\"valueName\":\"search_term_string\"}}],\"inLanguage\":\"es\"},{\"@type\":\"Organization\",\"@id\":\"https:\\\/\\\/empresaysociedad.cetisa.com.py\\\/#organization\",\"name\":\"Empresa &amp; Sociedad\",\"url\":\"https:\\\/\\\/empresaysociedad.cetisa.com.py\\\/\",\"logo\":{\"@type\":\"ImageObject\",\"inLanguage\":\"es\",\"@id\":\"https:\\\/\\\/empresaysociedad.cetisa.com.py\\\/#\\\/schema\\\/logo\\\/image\\\/\",\"url\":\"https:\\\/\\\/empresaysociedad.cetisa.com.py\\\/wp-content\\\/uploads\\\/2023\\\/06\\\/cropped-cropped-logo-1.png\",\"contentUrl\":\"https:\\\/\\\/empresaysociedad.cetisa.com.py\\\/wp-content\\\/uploads\\\/2023\\\/06\\\/cropped-cropped-logo-1.png\",\"width\":250,\"height\":250,\"caption\":\"Empresa &amp; Sociedad\"},\"image\":{\"@id\":\"https:\\\/\\\/empresaysociedad.cetisa.com.py\\\/#\\\/schema\\\/logo\\\/image\\\/\"}}]}<\/script>\n<!-- \/ Yoast SEO plugin. -->","yoast_head_json":{"title":"Publicar - Empresa &amp; Sociedad","robots":{"index":"index","follow":"follow","max-snippet":"max-snippet:-1","max-image-preview":"max-image-preview:large","max-video-preview":"max-video-preview:-1"},"canonical":"https:\/\/empresaysociedad.cetisa.com.py\/index.php\/publicar\/","og_locale":"es_ES","og_type":"article","og_title":"Publicar - Empresa &amp; Sociedad","og_description":"A nivel regional, y fundamentalmente desde la posici\u00f3n de frontera trinacional, la discusi\u00f3n sobre la calidad de la investigaci\u00f3n y los avances en las disciplinas relacionadas con las Ciencias Contablles y Administrativas es un tema que incide significativamente en la orientaci\u00f3n de los trabajos que la Revista Empresa &amp; Sociedad pretende poner a disposici\u00f3n de &hellip; Continuar leyendo \"Publicar\"","og_url":"https:\/\/empresaysociedad.cetisa.com.py\/index.php\/publicar\/","og_site_name":"Empresa &amp; Sociedad","article_modified_time":"2023-07-12T19:03:55+00:00","twitter_card":"summary_large_image","twitter_misc":{"Tiempo de lectura":"8 minutos"},"schema":{"@context":"https:\/\/schema.org","@graph":[{"@type":"WebPage","@id":"https:\/\/empresaysociedad.cetisa.com.py\/index.php\/publicar\/","url":"https:\/\/empresaysociedad.cetisa.com.py\/index.php\/publicar\/","name":"Publicar - Empresa &amp; Sociedad","isPartOf":{"@id":"https:\/\/empresaysociedad.cetisa.com.py\/#website"},"datePublished":"2018-09-11T21:04:41+00:00","dateModified":"2023-07-12T19:03:55+00:00","breadcrumb":{"@id":"https:\/\/empresaysociedad.cetisa.com.py\/index.php\/publicar\/#breadcrumb"},"inLanguage":"es","potentialAction":[{"@type":"ReadAction","target":["https:\/\/empresaysociedad.cetisa.com.py\/index.php\/publicar\/"]}]},{"@type":"BreadcrumbList","@id":"https:\/\/empresaysociedad.cetisa.com.py\/index.php\/publicar\/#breadcrumb","itemListElement":[{"@type":"ListItem","position":1,"name":"Portada","item":"https:\/\/empresaysociedad.cetisa.com.py\/"},{"@type":"ListItem","position":2,"name":"Publicar"}]},{"@type":"WebSite","@id":"https:\/\/empresaysociedad.cetisa.com.py\/#website","url":"https:\/\/empresaysociedad.cetisa.com.py\/","name":"Empresa &amp; Sociedad","description":"","publisher":{"@id":"https:\/\/empresaysociedad.cetisa.com.py\/#organization"},"potentialAction":[{"@type":"SearchAction","target":{"@type":"EntryPoint","urlTemplate":"https:\/\/empresaysociedad.cetisa.com.py\/?s={search_term_string}"},"query-input":{"@type":"PropertyValueSpecification","valueRequired":true,"valueName":"search_term_string"}}],"inLanguage":"es"},{"@type":"Organization","@id":"https:\/\/empresaysociedad.cetisa.com.py\/#organization","name":"Empresa &amp; Sociedad","url":"https:\/\/empresaysociedad.cetisa.com.py\/","logo":{"@type":"ImageObject","inLanguage":"es","@id":"https:\/\/empresaysociedad.cetisa.com.py\/#\/schema\/logo\/image\/","url":"https:\/\/empresaysociedad.cetisa.com.py\/wp-content\/uploads\/2023\/06\/cropped-cropped-logo-1.png","contentUrl":"https:\/\/empresaysociedad.cetisa.com.py\/wp-content\/uploads\/2023\/06\/cropped-cropped-logo-1.png","width":250,"height":250,"caption":"Empresa &amp; Sociedad"},"image":{"@id":"https:\/\/empresaysociedad.cetisa.com.py\/#\/schema\/logo\/image\/"}}]}},"_links":{"self":[{"href":"https:\/\/empresaysociedad.cetisa.com.py\/index.php\/wp-json\/wp\/v2\/pages\/190","targetHints":{"allow":["GET"]}}],"collection":[{"href":"https:\/\/empresaysociedad.cetisa.com.py\/index.php\/wp-json\/wp\/v2\/pages"}],"about":[{"href":"https:\/\/empresaysociedad.cetisa.com.py\/index.php\/wp-json\/wp\/v2\/types\/page"}],"author":[{"embeddable":true,"href":"https:\/\/empresaysociedad.cetisa.com.py\/index.php\/wp-json\/wp\/v2\/users\/3"}],"replies":[{"embeddable":true,"href":"https:\/\/empresaysociedad.cetisa.com.py\/index.php\/wp-json\/wp\/v2\/comments?post=190"}],"version-history":[{"count":1,"href":"https:\/\/empresaysociedad.cetisa.com.py\/index.php\/wp-json\/wp\/v2\/pages\/190\/revisions"}],"predecessor-version":[{"id":862,"href":"https:\/\/empresaysociedad.cetisa.com.py\/index.php\/wp-json\/wp\/v2\/pages\/190\/revisions\/862"}],"wp:attachment":[{"href":"https:\/\/empresaysociedad.cetisa.com.py\/index.php\/wp-json\/wp\/v2\/media?parent=190"}],"curies":[{"name":"wp","href":"https:\/\/api.w.org\/{rel}","templated":true}]}}